{"id":1536,"date":"2026-02-12T17:25:39","date_gmt":"2026-02-12T16:25:39","guid":{"rendered":"https:\/\/infomfrance.org\/?page_id=1536"},"modified":"2026-02-12T17:34:52","modified_gmt":"2026-02-12T16:34:52","slug":"formations","status":"publish","type":"page","link":"https:\/\/infomfrance.org\/index.php\/formations\/","title":{"rendered":"Formation"},"content":{"rendered":"\n<div class=\"parallax2 alignwide\" id=\"parallax-formation\"><div class=\"parallax-content\"><div>\n<div class=\"box--text left-absolute\">\n<\/div>\n<\/div><\/div><\/div>\n\n\n\n<h2 class=\"wp-block-heading\">Formation certifiante Guide-praticien Shinrin-Yoku<\/h2>\n\n\n\n<p>Plongez dans une <strong>formation immersive reconnue internationalement<\/strong> pour devenir guide Shinrin-Yoku et accompagner les publics \u00e0 <strong> renouer avec la nature<\/strong>, retrouver un <strong>bien-\u00eatre physique et psychologique<\/strong>.<\/p>\n\n\n\n<p>La certification guide-praticien Shinrin Yoku propos\u00e9e par <strong>INFOM France<\/strong> et <strong>INFOM Canada<\/strong> est reconnue par <strong>INFOM Japon<\/strong>. Les comp\u00e9tences obtenues respectent tous les standards internationaux prescrits, totalisant <strong>210 heures de formation<\/strong>.<\/p>\n\n\n\n<h2 class=\"wp-block-heading\">Prochaine session de formation<\/h2>\n\n\n<div class=\"formation-premium\">\n\n  <div class=\"formation-premium__image\">\n    <img decoding=\"async\" src=\"http:\/\/infomfrance.org\/wp-content\/uploads\/2026\/02\/formation-shinrin-yoku-immersion-foret-certifiee-france-aveyron-bernadette-rey.webp\"\n         alt=\"Formation Shinrin Yoku immersion for\u00eat certifi\u00e9e Aveyron\">\n  <\/div>\n\n  <div class=\"formation-premium__content\">\n    <span class=\"formation-premium__tag\">\n      Certification internationale INFOM\n    <\/span>\n\n    <h3>Formation guide Shinrin-Yoku<\/h3>\n\n    <p class=\"formation-premium__location\">\n      FRANCE, Aveyron, Le Cayla | 2026\n    <\/p>\n\n    <div class=\"formation-premium__infos\">\n      <p><strong>Date :<\/strong> du 15 au 24 mai 2026<\/p>\n      <p><strong>Lieu :<\/strong> Le Cayla (pr\u00e8s de Saint-Cr\u00e9pin)<\/p>\n      <p><strong>Formatrice :<\/strong> Bernadette Rey<\/p>\n      <p><strong>Groupe :<\/strong> limit\u00e9 \u00e0 10 participant\u00b7es<\/p>\n    <\/div>\n\n   <a class=\"formation-premium__button\" href=\"https:\/\/shinrinyokudo.org\/produit\/france-aveyron-cayla-pres-de-saint-crepin\/\" target=\"_blank\" rel=\"noopener\">\n      Voir la formation\n      <span class=\"button-icon\">\u2192<\/span>\n   <\/a>\n  <\/div>\n<\/div>\n\n\n<h2 class=\"wp-block-heading\">Une formation immersive et exp\u00e9rientielle<\/h2>\n\n\n\n<p>Cette formation vous assure :<\/p>\n\n\n\n<ul style=\"list-style: none; padding-left: 0;\">\n<li><img decoding=\"async\" src=\"http:\/\/infomfrance.org\/wp-content\/uploads\/2025\/01\/icone-de-feuille-verte-1.png\" style=\"width:20px; margin-right:10px; vertical-align:middle;\">90 heures de pratique et d\u2019enseignement des fondements par une p\u00e9dagogie exp\u00e9rientielle.<\/li>\n\n<li><img decoding=\"async\" src=\"http:\/\/infomfrance.org\/wp-content\/uploads\/2025\/01\/icone-de-feuille-verte-1.png\" style=\"width:20px; margin-right:10px; vertical-align:middle;\">Immersion intensive de 9 jours.<\/li>\n\n<li><img decoding=\"async\" src=\"http:\/\/infomfrance.org\/wp-content\/uploads\/2025\/01\/icone-de-feuille-verte-1.png\" style=\"width:20px; margin-right:10px; vertical-align:middle;\">Journ\u00e9es compl\u00e8tes de 7h &#8211; 7h30 \u00e0 21h &#8211; 21h30.<\/li>\n\n<li><img decoding=\"async\" src=\"http:\/\/infomfrance.org\/wp-content\/uploads\/2025\/01\/icone-de-feuille-verte-1.png\" style=\"width:20px; margin-right:10px; vertical-align:middle;\">Pratiques \u00e0 l\u2019aube, en soir\u00e9e et ateliers compl\u00e9mentaires.<\/li>\n<\/ul>\n\n\n<h2 class=\"wp-block-heading\">Parcours de certification<\/h2>\n\n\n\n<p>\u00c0 l\u2019issue de cette premi\u00e8re immersion, vous pourrez accompagner des publics avec la mention :<\/p>\n\n\n<ul style=\"list-style: none; padding-left: 0;\">\n<li><img decoding=\"async\" src=\"http:\/\/infomfrance.org\/wp-content\/uploads\/2025\/01\/icone-de-feuille-verte-1.png\" style=\"width:20px; margin-right:10px; vertical-align:middle;\">Apprenti\u00b7e guide Shinrin Yoku<\/li>\n<li><img decoding=\"async\" src=\"http:\/\/infomfrance.org\/wp-content\/uploads\/2025\/01\/icone-de-feuille-verte-1.png\" style=\"width:20px; margin-right:10px; vertical-align:middle;\">Guide en voie de certification<\/li>\n<\/ul>\n\n\n<p>Le parcours se poursuit avec :<\/p>\n\n\n<ul style=\"list-style: none; padding-left: 0;\">\n<li>\u2714 120 heures de mentorat personnalis\u00e9<\/li>\n<li>\u2714 \u00c9tendues sur 12 \u00e0 15 mois<\/li>\n<li>\u2714 Certification finale pr\u00e9vue en ao\u00fbt 2027<\/li>\n<\/ul>\n\n\n<h2 class=\"wp-block-heading\">\u00c0 qui s\u2019adresse cette formation ?<\/h2>\n\n\n<ul style=\"list-style: none; padding-left: 0;\">\n<li><img decoding=\"async\" src=\"http:\/\/infomfrance.org\/wp-content\/uploads\/2025\/01\/icone-de-feuille-verte-1.png\" style=\"width:20px; margin-right:10px; vertical-align:middle;\">Amoureux de la nature<\/li>\n\n<li><img decoding=\"async\" src=\"http:\/\/infomfrance.org\/wp-content\/uploads\/2025\/01\/icone-de-feuille-verte-1.png\" style=\"width:20px; margin-right:10px; vertical-align:middle;\">Th\u00e9rapeutes ou professionnels du bien-\u00eatre<\/li>\n\n<li><img decoding=\"async\" src=\"http:\/\/infomfrance.org\/wp-content\/uploads\/2025\/01\/icone-de-feuille-verte-1.png\" style=\"width:20px; margin-right:10px; vertical-align:middle;\">Professionnels de sant\u00e9<\/li>\n\n<li><img decoding=\"async\" src=\"http:\/\/infomfrance.org\/wp-content\/uploads\/2025\/01\/icone-de-feuille-verte-1.png\" style=\"width:20px; margin-right:10px; vertical-align:middle;\">Personnes en reconversion ou en qu\u00eate de sens<\/li>\n<\/ul>\n\n\n<h2 class=\"wp-block-heading\">Pourquoi se former en Shinrin-Yoku ?<\/h2>\n\n<p class=\"section-intro\">\nUne approche reconnue au croisement de la sant\u00e9, de la nature et de l\u2019accompagnement humain.\n<\/p>\n\n<ul style=\"list-style: none; padding-left: 0;\">\n\n<li><img decoding=\"async\" src=\"http:\/\/infomfrance.org\/wp-content\/uploads\/2025\/01\/icone-de-feuille-verte-1.png\" style=\"width:20px; margin-right:10px; vertical-align:middle;\">R\u00e9gulation du rythme cardiaque, de la pression sanguine et du m\u00e9tabolisme (glyc\u00e9mie, digestion, \u00e9nergie).<\/li>\n\n<li><img decoding=\"async\" src=\"http:\/\/infomfrance.org\/wp-content\/uploads\/2025\/01\/icone-de-feuille-verte-1.png\" style=\"width:20px; margin-right:10px; vertical-align:middle;\">R\u00e9duction du stress, de l\u2019anxi\u00e9t\u00e9 et r\u00e9gulation hormonale.<\/li>\n\n<li><img decoding=\"async\" src=\"http:\/\/infomfrance.org\/wp-content\/uploads\/2025\/01\/icone-de-feuille-verte-1.png\" style=\"width:20px; margin-right:10px; vertical-align:middle;\">Renforcement du syst\u00e8me immunitaire et effet antidouleur naturel.<\/li>\n\n<li><img decoding=\"async\" src=\"http:\/\/infomfrance.org\/wp-content\/uploads\/2025\/01\/icone-de-feuille-verte-1.png\" style=\"width:20px; margin-right:10px; vertical-align:middle;\">Am\u00e9lioration du sommeil, de la m\u00e9moire et des capacit\u00e9s cognitives.<\/li>\n\n<\/ul>\n\n<div class=\"box-button-vert\">\n  <a class=\"button-vert\"\n     href=\"https:\/\/www.shinrinyokudo.org\"\n     target=\"_blank\">\n     S\u2019inscrire\n     <span class=\"button-icon\">\u2192<\/span>\n  <\/a>\n\n<\/div>\n","protected":false},"excerpt":{"rendered":"<p>Formation certifiante Guide-praticien Shinrin-Yoku Plongez dans une formation immersive reconnue internationalement pour devenir guide Shinrin-Yoku et accompagner les publics \u00e0 renouer avec la nature, retrouver un bien-\u00eatre physique et psychologique. La certification guide-praticien Shinrin Yoku propos\u00e9e par INFOM France et INFOM Canada est reconnue par INFOM Japon. Les comp\u00e9tences obtenues respectent tous les standards internationaux [&hellip;]<\/p>\n","protected":false},"author":1,"featured_media":0,"parent":0,"menu_order":0,"comment_status":"closed","ping_status":"closed","template":"","meta":{"footnotes":""},"class_list":["post-1536","page","type-page","status-publish","hentry"],"yoast_head":"<!-- This site is optimized with the Yoast SEO plugin v27.6 - https:\/\/yoast.com\/product\/yoast-seo-wordpress\/ -->\n<title>Formation - INFOM FRANCE<\/title>\n<meta name=\"robots\" content=\"index, follow, max-snippet:-1, max-image-preview:large, max-video-preview:-1\" \/>\n<link rel=\"canonical\" href=\"https:\/\/infomfrance.org\/index.php\/formations\/\" \/>\n<meta property=\"og:locale\" content=\"fr_FR\" \/>\n<meta property=\"og:type\" content=\"article\" \/>\n<meta property=\"og:title\" content=\"Formation - INFOM FRANCE\" \/>\n<meta property=\"og:description\" content=\"Formation certifiante Guide-praticien Shinrin-Yoku Plongez dans une formation immersive reconnue internationalement pour devenir guide Shinrin-Yoku et accompagner les publics \u00e0 renouer avec la nature, retrouver un bien-\u00eatre physique et psychologique. La certification guide-praticien Shinrin Yoku propos\u00e9e par INFOM France et INFOM Canada est reconnue par INFOM Japon. Les comp\u00e9tences obtenues respectent tous les standards internationaux [&hellip;]\" \/>\n<meta property=\"og:url\" content=\"https:\/\/infomfrance.org\/index.php\/formations\/\" \/>\n<meta property=\"og:site_name\" content=\"INFOM FRANCE\" \/>\n<meta property=\"article:modified_time\" content=\"2026-02-12T16:34:52+00:00\" \/>\n<meta property=\"og:image\" content=\"http:\/\/infomfrance.org\/wp-content\/uploads\/2026\/02\/formation-shinrin-yoku-immersion-foret-certifiee-france-aveyron-bernadette-rey.webp\" \/>\n<meta name=\"twitter:card\" content=\"summary_large_image\" \/>\n<meta name=\"twitter:label1\" content=\"Dur\u00e9e de lecture estim\u00e9e\" \/>\n\t<meta name=\"twitter:data1\" content=\"5 minutes\" \/>\n<script type=\"application\/ld+json\" class=\"yoast-schema-graph\">{\"@context\":\"https:\\\/\\\/schema.org\",\"@graph\":[{\"@type\":\"WebPage\",\"@id\":\"https:\\\/\\\/infomfrance.org\\\/index.php\\\/formations\\\/\",\"url\":\"https:\\\/\\\/infomfrance.org\\\/index.php\\\/formations\\\/\",\"name\":\"Formation - INFOM FRANCE\",\"isPartOf\":{\"@id\":\"https:\\\/\\\/infomfrance.org\\\/#website\"},\"primaryImageOfPage\":{\"@id\":\"https:\\\/\\\/infomfrance.org\\\/index.php\\\/formations\\\/#primaryimage\"},\"image\":{\"@id\":\"https:\\\/\\\/infomfrance.org\\\/index.php\\\/formations\\\/#primaryimage\"},\"thumbnailUrl\":\"http:\\\/\\\/infomfrance.org\\\/wp-content\\\/uploads\\\/2026\\\/02\\\/formation-shinrin-yoku-immersion-foret-certifiee-france-aveyron-bernadette-rey.webp\",\"datePublished\":\"2026-02-12T16:25:39+00:00\",\"dateModified\":\"2026-02-12T16:34:52+00:00\",\"breadcrumb\":{\"@id\":\"https:\\\/\\\/infomfrance.org\\\/index.php\\\/formations\\\/#breadcrumb\"},\"inLanguage\":\"fr-FR\",\"potentialAction\":[{\"@type\":\"ReadAction\",\"target\":[\"https:\\\/\\\/infomfrance.org\\\/index.php\\\/formations\\\/\"]}]},{\"@type\":\"ImageObject\",\"inLanguage\":\"fr-FR\",\"@id\":\"https:\\\/\\\/infomfrance.org\\\/index.php\\\/formations\\\/#primaryimage\",\"url\":\"http:\\\/\\\/infomfrance.org\\\/wp-content\\\/uploads\\\/2026\\\/02\\\/formation-shinrin-yoku-immersion-foret-certifiee-france-aveyron-bernadette-rey.webp\",\"contentUrl\":\"http:\\\/\\\/infomfrance.org\\\/wp-content\\\/uploads\\\/2026\\\/02\\\/formation-shinrin-yoku-immersion-foret-certifiee-france-aveyron-bernadette-rey.webp\"},{\"@type\":\"BreadcrumbList\",\"@id\":\"https:\\\/\\\/infomfrance.org\\\/index.php\\\/formations\\\/#breadcrumb\",\"itemListElement\":[{\"@type\":\"ListItem\",\"position\":1,\"name\":\"Accueil\",\"item\":\"https:\\\/\\\/infomfrance.org\\\/\"},{\"@type\":\"ListItem\",\"position\":2,\"name\":\"Formation\"}]},{\"@type\":\"WebSite\",\"@id\":\"https:\\\/\\\/infomfrance.org\\\/#website\",\"url\":\"https:\\\/\\\/infomfrance.org\\\/\",\"name\":\"INFOM FRANCE\",\"description\":\"L\u2019INFOM France, section fran\u00e7aise d\u2019INFOM, sensibilise des m\u00e9decins sp\u00e9cialistes pour promouvoir les for\u00eats m\u00e9dicinales.\",\"publisher\":{\"@id\":\"https:\\\/\\\/infomfrance.org\\\/#organization\"},\"potentialAction\":[{\"@type\":\"SearchAction\",\"target\":{\"@type\":\"EntryPoint\",\"urlTemplate\":\"https:\\\/\\\/infomfrance.org\\\/?s={search_term_string}\"},\"query-input\":{\"@type\":\"PropertyValueSpecification\",\"valueRequired\":true,\"valueName\":\"search_term_string\"}}],\"inLanguage\":\"fr-FR\"},{\"@type\":\"Organization\",\"@id\":\"https:\\\/\\\/infomfrance.org\\\/#organization\",\"name\":\"INFOM FRANCE\",\"url\":\"https:\\\/\\\/infomfrance.org\\\/\",\"logo\":{\"@type\":\"ImageObject\",\"inLanguage\":\"fr-FR\",\"@id\":\"https:\\\/\\\/infomfrance.org\\\/#\\\/schema\\\/logo\\\/image\\\/\",\"url\":\"https:\\\/\\\/infomfrance.org\\\/wp-content\\\/uploads\\\/2024\\\/07\\\/infom-france-logo.png\",\"contentUrl\":\"https:\\\/\\\/infomfrance.org\\\/wp-content\\\/uploads\\\/2024\\\/07\\\/infom-france-logo.png\",\"width\":1068,\"height\":560,\"caption\":\"INFOM FRANCE\"},\"image\":{\"@id\":\"https:\\\/\\\/infomfrance.org\\\/#\\\/schema\\\/logo\\\/image\\\/\"}}]}<\/script>\n<!-- \/ Yoast SEO plugin. -->","yoast_head_json":{"title":"Formation - INFOM FRANCE","robots":{"index":"index","follow":"follow","max-snippet":"max-snippet:-1","max-image-preview":"max-image-preview:large","max-video-preview":"max-video-preview:-1"},"canonical":"https:\/\/infomfrance.org\/index.php\/formations\/","og_locale":"fr_FR","og_type":"article","og_title":"Formation - INFOM FRANCE","og_description":"Formation certifiante Guide-praticien Shinrin-Yoku Plongez dans une formation immersive reconnue internationalement pour devenir guide Shinrin-Yoku et accompagner les publics \u00e0 renouer avec la nature, retrouver un bien-\u00eatre physique et psychologique. La certification guide-praticien Shinrin Yoku propos\u00e9e par INFOM France et INFOM Canada est reconnue par INFOM Japon. Les comp\u00e9tences obtenues respectent tous les standards internationaux [&hellip;]","og_url":"https:\/\/infomfrance.org\/index.php\/formations\/","og_site_name":"INFOM FRANCE","article_modified_time":"2026-02-12T16:34:52+00:00","og_image":[{"url":"http:\/\/infomfrance.org\/wp-content\/uploads\/2026\/02\/formation-shinrin-yoku-immersion-foret-certifiee-france-aveyron-bernadette-rey.webp","type":"","width":"","height":""}],"twitter_card":"summary_large_image","twitter_misc":{"Dur\u00e9e de lecture estim\u00e9e":"5 minutes"},"schema":{"@context":"https:\/\/schema.org","@graph":[{"@type":"WebPage","@id":"https:\/\/infomfrance.org\/index.php\/formations\/","url":"https:\/\/infomfrance.org\/index.php\/formations\/","name":"Formation - INFOM FRANCE","isPartOf":{"@id":"https:\/\/infomfrance.org\/#website"},"primaryImageOfPage":{"@id":"https:\/\/infomfrance.org\/index.php\/formations\/#primaryimage"},"image":{"@id":"https:\/\/infomfrance.org\/index.php\/formations\/#primaryimage"},"thumbnailUrl":"http:\/\/infomfrance.org\/wp-content\/uploads\/2026\/02\/formation-shinrin-yoku-immersion-foret-certifiee-france-aveyron-bernadette-rey.webp","datePublished":"2026-02-12T16:25:39+00:00","dateModified":"2026-02-12T16:34:52+00:00","breadcrumb":{"@id":"https:\/\/infomfrance.org\/index.php\/formations\/#breadcrumb"},"inLanguage":"fr-FR","potentialAction":[{"@type":"ReadAction","target":["https:\/\/infomfrance.org\/index.php\/formations\/"]}]},{"@type":"ImageObject","inLanguage":"fr-FR","@id":"https:\/\/infomfrance.org\/index.php\/formations\/#primaryimage","url":"http:\/\/infomfrance.org\/wp-content\/uploads\/2026\/02\/formation-shinrin-yoku-immersion-foret-certifiee-france-aveyron-bernadette-rey.webp","contentUrl":"http:\/\/infomfrance.org\/wp-content\/uploads\/2026\/02\/formation-shinrin-yoku-immersion-foret-certifiee-france-aveyron-bernadette-rey.webp"},{"@type":"BreadcrumbList","@id":"https:\/\/infomfrance.org\/index.php\/formations\/#breadcrumb","itemListElement":[{"@type":"ListItem","position":1,"name":"Accueil","item":"https:\/\/infomfrance.org\/"},{"@type":"ListItem","position":2,"name":"Formation"}]},{"@type":"WebSite","@id":"https:\/\/infomfrance.org\/#website","url":"https:\/\/infomfrance.org\/","name":"INFOM FRANCE","description":"L\u2019INFOM France, section fran\u00e7aise d\u2019INFOM, sensibilise des m\u00e9decins sp\u00e9cialistes pour promouvoir les for\u00eats m\u00e9dicinales.","publisher":{"@id":"https:\/\/infomfrance.org\/#organization"},"potentialAction":[{"@type":"SearchAction","target":{"@type":"EntryPoint","urlTemplate":"https:\/\/infomfrance.org\/?s={search_term_string}"},"query-input":{"@type":"PropertyValueSpecification","valueRequired":true,"valueName":"search_term_string"}}],"inLanguage":"fr-FR"},{"@type":"Organization","@id":"https:\/\/infomfrance.org\/#organization","name":"INFOM FRANCE","url":"https:\/\/infomfrance.org\/","logo":{"@type":"ImageObject","inLanguage":"fr-FR","@id":"https:\/\/infomfrance.org\/#\/schema\/logo\/image\/","url":"https:\/\/infomfrance.org\/wp-content\/uploads\/2024\/07\/infom-france-logo.png","contentUrl":"https:\/\/infomfrance.org\/wp-content\/uploads\/2024\/07\/infom-france-logo.png","width":1068,"height":560,"caption":"INFOM FRANCE"},"image":{"@id":"https:\/\/infomfrance.org\/#\/schema\/logo\/image\/"}}]}},"_links":{"self":[{"href":"https:\/\/infomfrance.org\/index.php\/wp-json\/wp\/v2\/pages\/1536","targetHints":{"allow":["GET"]}}],"collection":[{"href":"https:\/\/infomfrance.org\/index.php\/wp-json\/wp\/v2\/pages"}],"about":[{"href":"https:\/\/infomfrance.org\/index.php\/wp-json\/wp\/v2\/types\/page"}],"author":[{"embeddable":true,"href":"https:\/\/infomfrance.org\/index.php\/wp-json\/wp\/v2\/users\/1"}],"replies":[{"embeddable":true,"href":"https:\/\/infomfrance.org\/index.php\/wp-json\/wp\/v2\/comments?post=1536"}],"version-history":[{"count":30,"href":"https:\/\/infomfrance.org\/index.php\/wp-json\/wp\/v2\/pages\/1536\/revisions"}],"predecessor-version":[{"id":1611,"href":"https:\/\/infomfrance.org\/index.php\/wp-json\/wp\/v2\/pages\/1536\/revisions\/1611"}],"wp:attachment":[{"href":"https:\/\/infomfrance.org\/index.php\/wp-json\/wp\/v2\/media?parent=1536"}],"curies":[{"name":"wp","href":"https:\/\/api.w.org\/{rel}","templated":true}]}}