{"id":9,"date":"2024-07-16T17:15:03","date_gmt":"2024-07-16T15:15:03","guid":{"rendered":"https:\/\/infomfrance.org\/?page_id=9"},"modified":"2025-10-24T12:13:29","modified_gmt":"2025-10-24T10:13:29","slug":"accueil","status":"publish","type":"page","link":"https:\/\/infomfrance.org\/","title":{"rendered":"INFOM FRANCE, la m\u00e9decine naturelle et foresti\u00e8re"},"content":{"rendered":"\n<div class=\"parallax alignwide\"><div class=\"parallax-content\"><div>\n<div class=\"row no-gutters text-center justify-content-center justify-content-lg-start text-lg-left bg-gradient-overlay bg-gradient-left align-items-end align-items-lg-center\">\n<div class=\"box--text left-absolute\">\n<h2 class=\"card--title margin-top-10\">Branche fran\u00e7aise de l\u2019INFOM\n<div class=\"h2-petit\">International Society of Nature and Forest Medicine<\/div><\/h2>\n<\/div>\n<\/div>\n<\/div><\/div><\/div>\n\n\n\n<h2 class=\"wp-block-heading\"><strong>Qu&rsquo;est-ce que l&rsquo;INFOM France et la m\u00e9decine naturelle et foresti\u00e8re ?<\/strong><\/h2>\n\n\n\n<p class=\"has-text-color has-link-color wp-elements-b5fdb3fbf03fef376c371694cde70697\" style=\"color:#666666\"><strong>L\u2019INFOM-France<\/strong> est la <strong>branche fran\u00e7aise<\/strong> de l\u2019<em>International Society of Nature and Forest Medicine<\/em> (INFOM), acteur majeur du d\u00e9veloppement de la <strong>recherche scientifique<\/strong> consacr\u00e9e aux <strong>bienfaits m\u00e9dicaux de la nature et des for\u00eats<\/strong>. Ce domaine d\u2019\u00e9tudes a consid\u00e9rablement progress\u00e9 ces derni\u00e8res ann\u00e9es, stimulant un int\u00e9r\u00eat grandissant de la <strong>communaut\u00e9 m\u00e9dicale internationale<\/strong> mobilis\u00e9e pour lutter contre le fl\u00e9au de nos vies contemporaines que constitue le <strong>stress chronique<\/strong>, par le <strong>renforcement des d\u00e9fenses immunitaires<\/strong> et la red\u00e9couverte de l\u2019<strong>\u00e9quilibre n\u00e9cessaire entre nature et vie urbaine<\/strong>. L\u2019INFOM travaille \u00e0 <strong>l\u2019avancement de la m\u00e9decine et des soins naturels<\/strong>, contribuant ainsi \u00e0 la sant\u00e9 et au bien-\u00eatre des populations.&nbsp;<\/p>\n\n\n<p class=\"has-text-color has-link-color\" style=\"color:#666666\">\nLe fondateur et pr\u00e9sident de l\u2019INFOM est le Dr Qing LI, MD, Ph.D, professeur agr\u00e9g\u00e9 et chercheur en m\u00e9decine foresti\u00e8re et Shinrin Yoku \u00e0 la Nippon Medical School de Tokyo. <\/p>\n<!-- \/wp:post-content -->\n\n<!-- Bloc avec fond color\u00e9 -->\n<div class=\"wp-block-group alignfull section-verte\" style=\"background-color:#e0ebda; padding:6rem 0;\">\n\n    <div class=\"wp-block-columns is-layout-flex\" style=\"align-items:center; justify-content:center; max-width:125rem; width:calc(100% - 4rem); margin:0 auto; padding: 0;\">\n\n        <div class=\"wp-block-column\" style=\"flex:0 0 auto; text-align:center;\">\n            <figure class=\"wp-block-image size-large\" style=\"margin:0 auto;\">\n                <img loading=\"lazy\" decoding=\"async\" width=\"908\" height=\"1024\" \n                    src=\"http:\/\/infomfrance.org\/wp-content\/uploads\/2024\/07\/Alain-Lancelot-Dr-Qing-Li-president-INFOM-2-908x1024.jpg\" \n                    alt=\"Dr Qing Li et Alain Lancelot, pr\u00e9sident de l\u2019INFOM France\" \n                    class=\"wp-image-187\" \n                    style=\"border-radius:10px; max-width:250px; height:auto; box-shadow:0 2px 8px rgba(0,0,0,0.1);\" \n srcset=\"https:\/\/infomfrance.org\/wp-content\/uploads\/2024\/07\/Alain-Lancelot-Dr-Qing-Li-president-INFOM-2-908x1024.jpg 908w, https:\/\/infomfrance.org\/wp-content\/uploads\/2024\/07\/Alain-Lancelot-Dr-Qing-Li-president-INFOM-2-266x300.jpg 266w, https:\/\/infomfrance.org\/wp-content\/uploads\/2024\/07\/Alain-Lancelot-Dr-Qing-Li-president-INFOM-2-768x866.jpg 768w, https:\/\/infomfrance.org\/wp-content\/uploads\/2024\/07\/Alain-Lancelot-Dr-Qing-Li-president-INFOM-2-1362x1536.jpg 1362w, https:\/\/infomfrance.org\/wp-content\/uploads\/2024\/07\/Alain-Lancelot-Dr-Qing-Li-president-INFOM-2-1816x2048.jpg 1816w, https:\/\/infomfrance.org\/wp-content\/uploads\/2024\/07\/Alain-Lancelot-Dr-Qing-Li-president-INFOM-2-500x564.jpg 500w, https:\/\/infomfrance.org\/wp-content\/uploads\/2024\/07\/Alain-Lancelot-Dr-Qing-Li-president-INFOM-2-800x902.jpg 800w, https:\/\/infomfrance.org\/wp-content\/uploads\/2024\/07\/Alain-Lancelot-Dr-Qing-Li-president-INFOM-2-1280x1443.jpg 1280w, https:\/\/infomfrance.org\/wp-content\/uploads\/2024\/07\/Alain-Lancelot-Dr-Qing-Li-president-INFOM-2-1920x2165.jpg 1920w, https:\/\/infomfrance.org\/wp-content\/uploads\/2024\/07\/Alain-Lancelot-Dr-Qing-Li-president-INFOM-2-1200x1353.jpg 1200w, https:\/\/infomfrance.org\/wp-content\/uploads\/2024\/07\/Alain-Lancelot-Dr-Qing-Li-president-INFOM-2-1980x2233.jpg 1980w\" sizes=\"auto, (max-width: 908px) 100vw, 908px\" \/>\n            <\/figure>\n        <\/div>\n\n        <div class=\"wp-block-column\" style=\"display:flex; align-items:center;\">\n            <p style=\"color:#444; line-height:1.6; background:#ffffffa8; padding:1rem 1.5rem; border-left:4px solid #519332; border-radius:6px; margin:0;\">\n                Le Dr <strong>Qing Li<\/strong> avec <strong>Alain Lancelot<\/strong>, pr\u00e9sident de la branche fran\u00e7aise de l\u2019INFOM.\n            <\/p>\n        <\/div>\n    <\/div>\n<\/div>\n\n<!-- wp:heading -->\n<h2 class=\"wp-block-heading\"><strong>Quelle est la mission de l&rsquo;INFOM France ?<\/strong><\/h2>\n<!-- \/wp:heading -->\n\n<!-- wp:paragraph {\"style\":{\"elements\":{\"link\":{\"color\":{\"text\":\"#666666\"}}},\"color\":{\"text\":\"#666666\"}}} -->\n<p class=\"has-text-color has-link-color\" style=\"color:#666666\">En lien constant avec le si\u00e8ge de l\u2019INFOM au Japon, l\u2019INFOM France cherche \u00e0 sensibiliser les m\u00e9decins sp\u00e9cialistes tels que les cardiologues, psychiatres, psychoth\u00e9rapeutes, physioth\u00e9rapeutes ou physiologistes ainsi que le grand public, afin de <strong>promouvoir les vertus de la for\u00eat sur la sant\u00e9<\/strong> autant physique que mentale, et le <strong>d\u00e9veloppement de for\u00eats m\u00e9dicinales<\/strong>, en France, en Europe et \u00e0 l\u2019international.&nbsp;<\/p>\n<!-- \/wp:paragraph -->\n\n<!-- wp:paragraph {\"style\":{\"elements\":{\"link\":{\"color\":{\"text\":\"#666666\"}}},\"color\":{\"text\":\"#666666\"}}} -->\n<p class=\"has-text-color has-link-color\" style=\"color:#666666\">Elle s\u2019appuie pour cela sur toutes sortes de recherches scientifiques concernant les for\u00eats et la m\u00e9decine foresti\u00e8re, qu\u2019elle cherche \u00e0 promouvoir au sein et en coop\u00e9ration avec le Minist\u00e8re de la Sant\u00e9 et le syst\u00e8me de sant\u00e9 fran\u00e7ais, les universit\u00e9s et organismes priv\u00e9s int\u00e9ress\u00e9s par la question.&nbsp;<\/p>\n<!-- \/wp:paragraph -->\n\n<!-- wp:paragraph {\"style\":{\"elements\":{\"link\":{\"color\":{\"text\":\"#666666\"}}},\"color\":{\"text\":\"#666666\"}}} -->\n<p class=\"has-text-color has-link-color\" style=\"color:#666666\">Pour plus d\u2019informations\u202f: rendez-vous sur <a href=\"https:\/\/www.infom.org\/\">infom.org<\/a>.<\/p>\n<!-- \/wp:paragraph -->\n\n<!-- wp:paragraph -->\n<p><\/p>\n<!-- \/wp:paragraph -->","protected":false},"excerpt":{"rendered":"<p>Branche fran\u00e7aise de l\u2019INFOM International Society of Nature and Forest Medicine Qu&rsquo;est-ce que l&rsquo;INFOM France et la m\u00e9decine naturelle et foresti\u00e8re ? L\u2019INFOM-France est la branche fran\u00e7aise de l\u2019International Society of Nature and Forest Medicine (INFOM), acteur majeur du d\u00e9veloppement de la recherche scientifique consacr\u00e9e aux bienfaits m\u00e9dicaux de la nature et des for\u00eats. Ce [&hellip;]<\/p>\n","protected":false},"author":1,"featured_media":0,"parent":0,"menu_order":0,"comment_status":"closed","ping_status":"closed","template":"","meta":{"footnotes":""},"class_list":["post-9","page","type-page","status-publish","hentry"],"yoast_head":"<!-- This site is optimized with the Yoast SEO plugin v27.5 - https:\/\/yoast.com\/product\/yoast-seo-wordpress\/ -->\n<title>INFOM FRANCE, la m\u00e9decine naturelle et foresti\u00e8re - INFOM FRANCE<\/title>\n<meta name=\"description\" content=\"D\u00e9couvrez les bienfaits de la m\u00e9decine foresti\u00e8re avec INFOM France. Explorez nos recherches scientifiques, nos projets et rejoignez notre communaut\u00e9 d\u00e9di\u00e9e \u00e0 la sant\u00e9 et au bien-\u00eatre par la nature. Informez-vous sur les \u00e9v\u00e9nements, ateliers et formations pour mieux comprendre et b\u00e9n\u00e9ficier de la puissance des for\u00eats.\" \/>\n<meta name=\"robots\" content=\"index, follow, max-snippet:-1, max-image-preview:large, max-video-preview:-1\" \/>\n<link rel=\"canonical\" href=\"https:\/\/infomfrance.org\/\" \/>\n<meta property=\"og:locale\" content=\"fr_FR\" \/>\n<meta property=\"og:type\" content=\"article\" \/>\n<meta property=\"og:title\" content=\"INFOM FRANCE, la m\u00e9decine naturelle et foresti\u00e8re - INFOM FRANCE\" \/>\n<meta property=\"og:description\" content=\"D\u00e9couvrez les bienfaits de la m\u00e9decine foresti\u00e8re avec INFOM France. Explorez nos recherches scientifiques, nos projets et rejoignez notre communaut\u00e9 d\u00e9di\u00e9e \u00e0 la sant\u00e9 et au bien-\u00eatre par la nature. Informez-vous sur les \u00e9v\u00e9nements, ateliers et formations pour mieux comprendre et b\u00e9n\u00e9ficier de la puissance des for\u00eats.\" \/>\n<meta property=\"og:url\" content=\"https:\/\/infomfrance.org\/\" \/>\n<meta property=\"og:site_name\" content=\"INFOM FRANCE\" \/>\n<meta property=\"article:modified_time\" content=\"2025-10-24T10:13:29+00:00\" \/>\n<meta property=\"og:image\" content=\"https:\/\/infomfrance.org\/wp-content\/uploads\/2024\/07\/Alain-Lancelot-Dr-Qing-Li-president-INFOM-2-scaled.jpg\" \/>\n\t<meta property=\"og:image:width\" content=\"2270\" \/>\n\t<meta property=\"og:image:height\" content=\"2560\" \/>\n\t<meta property=\"og:image:type\" content=\"image\/jpeg\" \/>\n<meta name=\"twitter:card\" content=\"summary_large_image\" \/>\n<meta name=\"twitter:label1\" content=\"Dur\u00e9e de lecture estim\u00e9e\" \/>\n\t<meta name=\"twitter:data1\" content=\"2 minutes\" \/>\n<script type=\"application\/ld+json\" class=\"yoast-schema-graph\">{\"@context\":\"https:\\\/\\\/schema.org\",\"@graph\":[{\"@type\":\"WebPage\",\"@id\":\"https:\\\/\\\/infomfrance.org\\\/\",\"url\":\"https:\\\/\\\/infomfrance.org\\\/\",\"name\":\"INFOM FRANCE, la m\u00e9decine naturelle et foresti\u00e8re - INFOM FRANCE\",\"isPartOf\":{\"@id\":\"https:\\\/\\\/infomfrance.org\\\/#website\"},\"primaryImageOfPage\":{\"@id\":\"https:\\\/\\\/infomfrance.org\\\/#primaryimage\"},\"image\":{\"@id\":\"https:\\\/\\\/infomfrance.org\\\/#primaryimage\"},\"thumbnailUrl\":\"http:\\\/\\\/infomfrance.org\\\/wp-content\\\/uploads\\\/2024\\\/07\\\/Alain-Lancelot-Dr-Qing-Li-president-INFOM-2-908x1024.jpg\",\"datePublished\":\"2024-07-16T15:15:03+00:00\",\"dateModified\":\"2025-10-24T10:13:29+00:00\",\"description\":\"D\u00e9couvrez les bienfaits de la m\u00e9decine foresti\u00e8re avec INFOM France. Explorez nos recherches scientifiques, nos projets et rejoignez notre communaut\u00e9 d\u00e9di\u00e9e \u00e0 la sant\u00e9 et au bien-\u00eatre par la nature. Informez-vous sur les \u00e9v\u00e9nements, ateliers et formations pour mieux comprendre et b\u00e9n\u00e9ficier de la puissance des for\u00eats.\",\"breadcrumb\":{\"@id\":\"https:\\\/\\\/infomfrance.org\\\/#breadcrumb\"},\"inLanguage\":\"fr-FR\",\"potentialAction\":[{\"@type\":\"ReadAction\",\"target\":[\"https:\\\/\\\/infomfrance.org\\\/\"]}]},{\"@type\":\"ImageObject\",\"inLanguage\":\"fr-FR\",\"@id\":\"https:\\\/\\\/infomfrance.org\\\/#primaryimage\",\"url\":\"https:\\\/\\\/infomfrance.org\\\/wp-content\\\/uploads\\\/2024\\\/07\\\/Alain-Lancelot-Dr-Qing-Li-president-INFOM-2-scaled.jpg\",\"contentUrl\":\"https:\\\/\\\/infomfrance.org\\\/wp-content\\\/uploads\\\/2024\\\/07\\\/Alain-Lancelot-Dr-Qing-Li-president-INFOM-2-scaled.jpg\",\"width\":2270,\"height\":2560},{\"@type\":\"BreadcrumbList\",\"@id\":\"https:\\\/\\\/infomfrance.org\\\/#breadcrumb\",\"itemListElement\":[{\"@type\":\"ListItem\",\"position\":1,\"name\":\"Accueil\",\"item\":\"https:\\\/\\\/infomfrance.org\\\/\"},{\"@type\":\"ListItem\",\"position\":2,\"name\":\"INFOM FRANCE, la m\u00e9decine naturelle et foresti\u00e8re\"}]},{\"@type\":\"WebSite\",\"@id\":\"https:\\\/\\\/infomfrance.org\\\/#website\",\"url\":\"https:\\\/\\\/infomfrance.org\\\/\",\"name\":\"INFOM FRANCE\",\"description\":\"L\u2019INFOM France, section fran\u00e7aise d\u2019INFOM, sensibilise des m\u00e9decins sp\u00e9cialistes pour promouvoir les for\u00eats m\u00e9dicinales.\",\"publisher\":{\"@id\":\"https:\\\/\\\/infomfrance.org\\\/#organization\"},\"potentialAction\":[{\"@type\":\"SearchAction\",\"target\":{\"@type\":\"EntryPoint\",\"urlTemplate\":\"https:\\\/\\\/infomfrance.org\\\/?s={search_term_string}\"},\"query-input\":{\"@type\":\"PropertyValueSpecification\",\"valueRequired\":true,\"valueName\":\"search_term_string\"}}],\"inLanguage\":\"fr-FR\"},{\"@type\":\"Organization\",\"@id\":\"https:\\\/\\\/infomfrance.org\\\/#organization\",\"name\":\"INFOM FRANCE\",\"url\":\"https:\\\/\\\/infomfrance.org\\\/\",\"logo\":{\"@type\":\"ImageObject\",\"inLanguage\":\"fr-FR\",\"@id\":\"https:\\\/\\\/infomfrance.org\\\/#\\\/schema\\\/logo\\\/image\\\/\",\"url\":\"https:\\\/\\\/infomfrance.org\\\/wp-content\\\/uploads\\\/2024\\\/07\\\/infom-france-logo.png\",\"contentUrl\":\"https:\\\/\\\/infomfrance.org\\\/wp-content\\\/uploads\\\/2024\\\/07\\\/infom-france-logo.png\",\"width\":1068,\"height\":560,\"caption\":\"INFOM FRANCE\"},\"image\":{\"@id\":\"https:\\\/\\\/infomfrance.org\\\/#\\\/schema\\\/logo\\\/image\\\/\"}}]}<\/script>\n<!-- \/ Yoast SEO plugin. -->","yoast_head_json":{"title":"INFOM FRANCE, la m\u00e9decine naturelle et foresti\u00e8re - INFOM FRANCE","description":"D\u00e9couvrez les bienfaits de la m\u00e9decine foresti\u00e8re avec INFOM France. Explorez nos recherches scientifiques, nos projets et rejoignez notre communaut\u00e9 d\u00e9di\u00e9e \u00e0 la sant\u00e9 et au bien-\u00eatre par la nature. Informez-vous sur les \u00e9v\u00e9nements, ateliers et formations pour mieux comprendre et b\u00e9n\u00e9ficier de la puissance des for\u00eats.","robots":{"index":"index","follow":"follow","max-snippet":"max-snippet:-1","max-image-preview":"max-image-preview:large","max-video-preview":"max-video-preview:-1"},"canonical":"https:\/\/infomfrance.org\/","og_locale":"fr_FR","og_type":"article","og_title":"INFOM FRANCE, la m\u00e9decine naturelle et foresti\u00e8re - INFOM FRANCE","og_description":"D\u00e9couvrez les bienfaits de la m\u00e9decine foresti\u00e8re avec INFOM France. Explorez nos recherches scientifiques, nos projets et rejoignez notre communaut\u00e9 d\u00e9di\u00e9e \u00e0 la sant\u00e9 et au bien-\u00eatre par la nature. Informez-vous sur les \u00e9v\u00e9nements, ateliers et formations pour mieux comprendre et b\u00e9n\u00e9ficier de la puissance des for\u00eats.","og_url":"https:\/\/infomfrance.org\/","og_site_name":"INFOM FRANCE","article_modified_time":"2025-10-24T10:13:29+00:00","og_image":[{"width":2270,"height":2560,"url":"https:\/\/infomfrance.org\/wp-content\/uploads\/2024\/07\/Alain-Lancelot-Dr-Qing-Li-president-INFOM-2-scaled.jpg","type":"image\/jpeg"}],"twitter_card":"summary_large_image","twitter_misc":{"Dur\u00e9e de lecture estim\u00e9e":"2 minutes"},"schema":{"@context":"https:\/\/schema.org","@graph":[{"@type":"WebPage","@id":"https:\/\/infomfrance.org\/","url":"https:\/\/infomfrance.org\/","name":"INFOM FRANCE, la m\u00e9decine naturelle et foresti\u00e8re - INFOM FRANCE","isPartOf":{"@id":"https:\/\/infomfrance.org\/#website"},"primaryImageOfPage":{"@id":"https:\/\/infomfrance.org\/#primaryimage"},"image":{"@id":"https:\/\/infomfrance.org\/#primaryimage"},"thumbnailUrl":"http:\/\/infomfrance.org\/wp-content\/uploads\/2024\/07\/Alain-Lancelot-Dr-Qing-Li-president-INFOM-2-908x1024.jpg","datePublished":"2024-07-16T15:15:03+00:00","dateModified":"2025-10-24T10:13:29+00:00","description":"D\u00e9couvrez les bienfaits de la m\u00e9decine foresti\u00e8re avec INFOM France. Explorez nos recherches scientifiques, nos projets et rejoignez notre communaut\u00e9 d\u00e9di\u00e9e \u00e0 la sant\u00e9 et au bien-\u00eatre par la nature. Informez-vous sur les \u00e9v\u00e9nements, ateliers et formations pour mieux comprendre et b\u00e9n\u00e9ficier de la puissance des for\u00eats.","breadcrumb":{"@id":"https:\/\/infomfrance.org\/#breadcrumb"},"inLanguage":"fr-FR","potentialAction":[{"@type":"ReadAction","target":["https:\/\/infomfrance.org\/"]}]},{"@type":"ImageObject","inLanguage":"fr-FR","@id":"https:\/\/infomfrance.org\/#primaryimage","url":"https:\/\/infomfrance.org\/wp-content\/uploads\/2024\/07\/Alain-Lancelot-Dr-Qing-Li-president-INFOM-2-scaled.jpg","contentUrl":"https:\/\/infomfrance.org\/wp-content\/uploads\/2024\/07\/Alain-Lancelot-Dr-Qing-Li-president-INFOM-2-scaled.jpg","width":2270,"height":2560},{"@type":"BreadcrumbList","@id":"https:\/\/infomfrance.org\/#breadcrumb","itemListElement":[{"@type":"ListItem","position":1,"name":"Accueil","item":"https:\/\/infomfrance.org\/"},{"@type":"ListItem","position":2,"name":"INFOM FRANCE, la m\u00e9decine naturelle et foresti\u00e8re"}]},{"@type":"WebSite","@id":"https:\/\/infomfrance.org\/#website","url":"https:\/\/infomfrance.org\/","name":"INFOM FRANCE","description":"L\u2019INFOM France, section fran\u00e7aise d\u2019INFOM, sensibilise des m\u00e9decins sp\u00e9cialistes pour promouvoir les for\u00eats m\u00e9dicinales.","publisher":{"@id":"https:\/\/infomfrance.org\/#organization"},"potentialAction":[{"@type":"SearchAction","target":{"@type":"EntryPoint","urlTemplate":"https:\/\/infomfrance.org\/?s={search_term_string}"},"query-input":{"@type":"PropertyValueSpecification","valueRequired":true,"valueName":"search_term_string"}}],"inLanguage":"fr-FR"},{"@type":"Organization","@id":"https:\/\/infomfrance.org\/#organization","name":"INFOM FRANCE","url":"https:\/\/infomfrance.org\/","logo":{"@type":"ImageObject","inLanguage":"fr-FR","@id":"https:\/\/infomfrance.org\/#\/schema\/logo\/image\/","url":"https:\/\/infomfrance.org\/wp-content\/uploads\/2024\/07\/infom-france-logo.png","contentUrl":"https:\/\/infomfrance.org\/wp-content\/uploads\/2024\/07\/infom-france-logo.png","width":1068,"height":560,"caption":"INFOM FRANCE"},"image":{"@id":"https:\/\/infomfrance.org\/#\/schema\/logo\/image\/"}}]}},"_links":{"self":[{"href":"https:\/\/infomfrance.org\/index.php\/wp-json\/wp\/v2\/pages\/9","targetHints":{"allow":["GET"]}}],"collection":[{"href":"https:\/\/infomfrance.org\/index.php\/wp-json\/wp\/v2\/pages"}],"about":[{"href":"https:\/\/infomfrance.org\/index.php\/wp-json\/wp\/v2\/types\/page"}],"author":[{"embeddable":true,"href":"https:\/\/infomfrance.org\/index.php\/wp-json\/wp\/v2\/users\/1"}],"replies":[{"embeddable":true,"href":"https:\/\/infomfrance.org\/index.php\/wp-json\/wp\/v2\/comments?post=9"}],"version-history":[{"count":137,"href":"https:\/\/infomfrance.org\/index.php\/wp-json\/wp\/v2\/pages\/9\/revisions"}],"predecessor-version":[{"id":1503,"href":"https:\/\/infomfrance.org\/index.php\/wp-json\/wp\/v2\/pages\/9\/revisions\/1503"}],"wp:attachment":[{"href":"https:\/\/infomfrance.org\/index.php\/wp-json\/wp\/v2\/media?parent=9"}],"curies":[{"name":"wp","href":"https:\/\/api.w.org\/{rel}","templated":true}]}}